{"id":2692,"date":"2016-11-22T16:37:26","date_gmt":"2016-11-22T16:37:26","guid":{"rendered":"http:\/\/www.deadseaminerals.eu\/nieuw\/product\/marokkaanse-arganolie-handcreme-200-ml\/"},"modified":"2020-11-10T13:50:38","modified_gmt":"2020-11-10T13:50:38","slug":"marokkaanse-arganolie-handcreme-100-ml","status":"publish","type":"product","link":"https:\/\/www.deadseaminerals.eu\/nieuw\/product\/marokkaanse-arganolie-handcreme-100-ml\/","title":{"rendered":"Marokkaanse Arganolie handcr\u00e8me 100 ml"},"content":{"rendered":"<p>De\u00a0marokkaanse arganolie handcr\u00e8me\u00a0voorziet de huid van continue vocht, voedt de huid en bestrijdt de tekens van veroudering. Het is verrijkt met arganolie, linolzuur, steroline, omega 6 vetzuren, vitamine E provitamine B5, essenti\u00eble oli\u00ebn, multivitaminen en dode zee mineralen. De marokkaanse arganolie handcr\u00e8me is geschikt voor alle huidtypes.<\/p>\n<p>Inhoud 100 ml.<\/p>\n<p>Gebruiksadvies: Breng &#8216;s morgens en &#8216;s avonds en wanneer nodig een kleine hoeveelheid aan op de gereinigde huid van uw handen. Masseer het\u00a0tot de cr\u00e8me is ingewerkt.<\/p>\n","protected":false},"excerpt":{"rendered":"<p>De\u00a0marokkaanse arganolie handcr\u00e8me\u00a0voorziet de huid van continue vocht, voedt de huid en bestrijdt de tekens van veroudering.<\/p>\n","protected":false},"featured_media":3850,"template":"","meta":[],"yoast_head":"<!-- This site is optimized with the Yoast SEO plugin v15.2.1 - https:\/\/yoast.com\/wordpress\/plugins\/seo\/ -->\n<title>Marokkaanse Arganolie handcr\u00e8me 100 ml - Amour Dead Sea Minerals<\/title>\n<meta name=\"robots\" content=\"index, follow, max-snippet:-1, max-image-preview:large, max-video-preview:-1\" \/>\n<link rel=\"canonical\" href=\"http:\/\/www.deadseaminerals.eu\/nieuw\/product\/marokkaanse-arganolie-handcreme-100-ml\/\" \/>\n<meta property=\"og:locale\" content=\"nl_NL\" \/>\n<meta property=\"og:type\" content=\"article\" \/>\n<meta property=\"og:title\" content=\"Marokkaanse Arganolie handcr\u00e8me 100 ml - Amour Dead Sea Minerals\" \/>\n<meta property=\"og:description\" content=\"De\u00a0marokkaanse arganolie handcr\u00e8me\u00a0voorziet de huid van continue vocht, voedt de huid en bestrijdt de tekens van veroudering.\" \/>\n<meta property=\"og:url\" content=\"http:\/\/www.deadseaminerals.eu\/nieuw\/product\/marokkaanse-arganolie-handcreme-100-ml\/\" \/>\n<meta property=\"og:site_name\" content=\"Amour Dead Sea Minerals\" \/>\n<meta property=\"article:modified_time\" content=\"2020-11-10T13:50:38+00:00\" \/>\n<meta property=\"og:image\" content=\"https:\/\/www.deadseaminerals.eu\/nieuw\/wp-content\/uploads\/2016\/11\/hand-morocco.jpg\" \/>\n\t<meta property=\"og:image:width\" content=\"353\" \/>\n\t<meta property=\"og:image:height\" content=\"500\" \/>\n<meta name=\"twitter:card\" content=\"summary\" \/>\n<meta name=\"twitter:label1\" content=\"Geschreven door\">\n\t<meta name=\"twitter:data1\" content=\"Milena Mor\">\n\t<meta name=\"twitter:label2\" content=\"Geschatte leestijd\">\n\t<meta name=\"twitter:data2\" content=\"0 minuten\">\n<script type=\"application\/ld+json\" class=\"yoast-schema-graph\">{\"@context\":\"https:\/\/schema.org\",\"@graph\":[{\"@type\":\"WebSite\",\"@id\":\"https:\/\/www.deadseaminerals.eu\/nieuw\/#website\",\"url\":\"https:\/\/www.deadseaminerals.eu\/nieuw\/\",\"name\":\"Amour Dead Sea Minerals\",\"description\":\"\",\"potentialAction\":[{\"@type\":\"SearchAction\",\"target\":\"https:\/\/www.deadseaminerals.eu\/nieuw\/?s={search_term_string}\",\"query-input\":\"required name=search_term_string\"}],\"inLanguage\":\"nl\"},{\"@type\":\"ImageObject\",\"@id\":\"http:\/\/www.deadseaminerals.eu\/nieuw\/product\/marokkaanse-arganolie-handcreme-100-ml\/#primaryimage\",\"inLanguage\":\"nl\",\"url\":\"https:\/\/www.deadseaminerals.eu\/nieuw\/wp-content\/uploads\/2016\/11\/hand-morocco.jpg\",\"width\":353,\"height\":500},{\"@type\":\"WebPage\",\"@id\":\"http:\/\/www.deadseaminerals.eu\/nieuw\/product\/marokkaanse-arganolie-handcreme-100-ml\/#webpage\",\"url\":\"http:\/\/www.deadseaminerals.eu\/nieuw\/product\/marokkaanse-arganolie-handcreme-100-ml\/\",\"name\":\"Marokkaanse Arganolie handcr\\u00e8me 100 ml - Amour Dead Sea Minerals\",\"isPartOf\":{\"@id\":\"https:\/\/www.deadseaminerals.eu\/nieuw\/#website\"},\"primaryImageOfPage\":{\"@id\":\"http:\/\/www.deadseaminerals.eu\/nieuw\/product\/marokkaanse-arganolie-handcreme-100-ml\/#primaryimage\"},\"datePublished\":\"2016-11-22T16:37:26+00:00\",\"dateModified\":\"2020-11-10T13:50:38+00:00\",\"inLanguage\":\"nl\",\"potentialAction\":[{\"@type\":\"ReadAction\",\"target\":[\"http:\/\/www.deadseaminerals.eu\/nieuw\/product\/marokkaanse-arganolie-handcreme-100-ml\/\"]}]}]}<\/script>\n<!-- \/ Yoast SEO plugin. -->","_links":{"self":[{"href":"https:\/\/www.deadseaminerals.eu\/nieuw\/wp-json\/wp\/v2\/product\/2692"}],"collection":[{"href":"https:\/\/www.deadseaminerals.eu\/nieuw\/wp-json\/wp\/v2\/product"}],"about":[{"href":"https:\/\/www.deadseaminerals.eu\/nieuw\/wp-json\/wp\/v2\/types\/product"}],"wp:featuredmedia":[{"embeddable":true,"href":"https:\/\/www.deadseaminerals.eu\/nieuw\/wp-json\/wp\/v2\/media\/3850"}],"wp:attachment":[{"href":"https:\/\/www.deadseaminerals.eu\/nieuw\/wp-json\/wp\/v2\/media?parent=2692"}],"curies":[{"name":"wp","href":"https:\/\/api.w.org\/{rel}","templated":true}]}}