{"id":2939,"date":"2016-11-30T15:41:07","date_gmt":"2016-11-30T15:41:07","guid":{"rendered":"http:\/\/www.deadseaminerals.eu\/nieuw\/product\/zwarte-modder-45-anti-agingcreme-50-ml\/"},"modified":"2020-10-16T14:29:24","modified_gmt":"2020-10-16T14:29:24","slug":"zwarte-modder-45-anti-agingcreme-50-ml","status":"publish","type":"product","link":"https:\/\/www.deadseaminerals.eu\/nieuw\/product\/zwarte-modder-45-anti-agingcreme-50-ml\/","title":{"rendered":"Zwarte modder 35+ anti-agingcr\u00e8me 50 ml"},"content":{"rendered":"<p>Een professionele hydraterende anti-agingcr\u00e8me met een unieke formule op basis van natuurlijke Dode Zee modder. De modder geeft een uniek proces van filtratie en verweking. Door dit proces worden de mineralen in de modder gemakkelijker geabsorbeerd. De cr\u00e8me dringt diep in de pori\u00ebn en verwijdert gifstoffen, verbetert de bloedsomloop en biologische processen van verjonging. De cr\u00e8me bevat ook avocado olie, jojoba olie, druivenpit olie, kamille-extract, rozemarijn\u00a0en alo\u00eb vera. Gegarandeerd snel en effectief herstel van de schoonheid van de huid. De cr\u00e8me hydrateert, voedt, verzacht en verjongt het gezicht, handhaaft de elasticiteit, voorkomt rimpels, verbetert de teint, beschermt tegen schadelijke weersomstandigheden en UV-stralen en voedt de huid met mineralen en vitamines.<\/p>\n<p>Inhoud 50 ml.<\/p>\n<p><strong>Gebruiksadvies:<\/strong> Breng &#8216;s morgens en &#8216;s avonds een kleine hoeveelheid aan op de gereinigde huid van gezicht en hals na het gebruik van een serum. Masseer met licht ronddraaiende bewegingen tot de cr\u00e8me is ingewerkt.<\/p>\n","protected":false},"excerpt":{"rendered":"<p>Een professionele hydraterende anti-agingcr\u00e8me met een unieke formule op basis van natuurlijke Dode Zee modder. De modder geeft een uniek proces van filtratie en verweking. Door dit proces worden de mineralen in de modder gemakkelijker geabsorbeerd. De cr\u00e8me dringt diep in de pori\u00ebn en verwijdert gifstoffen, verbetert de bloedsomloop en biologische processen van verjonging.<\/p>\n","protected":false},"featured_media":2936,"template":"","meta":[],"yoast_head":"<!-- This site is optimized with the Yoast SEO plugin v15.2.1 - https:\/\/yoast.com\/wordpress\/plugins\/seo\/ -->\n<title>Zwarte modder 35+ anti-agingcr\u00e8me 50 ml - Amour Dead Sea Minerals<\/title>\n<meta name=\"robots\" content=\"index, follow, max-snippet:-1, max-image-preview:large, max-video-preview:-1\" \/>\n<link rel=\"canonical\" href=\"http:\/\/www.deadseaminerals.eu\/nieuw\/product\/zwarte-modder-45-anti-agingcreme-50-ml\/\" \/>\n<meta property=\"og:locale\" content=\"nl_NL\" \/>\n<meta property=\"og:type\" content=\"article\" \/>\n<meta property=\"og:title\" content=\"Zwarte modder 35+ anti-agingcr\u00e8me 50 ml - Amour Dead Sea Minerals\" \/>\n<meta property=\"og:description\" content=\"Een professionele hydraterende anti-agingcr\u00e8me met een unieke formule op basis van natuurlijke Dode Zee modder. De modder geeft een uniek proces van filtratie en verweking. Door dit proces worden de mineralen in de modder gemakkelijker geabsorbeerd. De cr\u00e8me dringt diep in de pori\u00ebn en verwijdert gifstoffen, verbetert de bloedsomloop en biologische processen van verjonging.\" \/>\n<meta property=\"og:url\" content=\"http:\/\/www.deadseaminerals.eu\/nieuw\/product\/zwarte-modder-45-anti-agingcreme-50-ml\/\" \/>\n<meta property=\"og:site_name\" content=\"Amour Dead Sea Minerals\" \/>\n<meta property=\"article:modified_time\" content=\"2020-10-16T14:29:24+00:00\" \/>\n<meta property=\"og:image\" content=\"https:\/\/www.deadseaminerals.eu\/nieuw\/wp-content\/uploads\/2016\/11\/5122.jpg\" \/>\n\t<meta property=\"og:image:width\" content=\"187\" \/>\n\t<meta property=\"og:image:height\" content=\"250\" \/>\n<meta name=\"twitter:card\" content=\"summary\" \/>\n<meta name=\"twitter:label1\" content=\"Geschreven door\">\n\t<meta name=\"twitter:data1\" content=\"Milena Mor\">\n\t<meta name=\"twitter:label2\" content=\"Geschatte leestijd\">\n\t<meta name=\"twitter:data2\" content=\"1 minuut\">\n<script type=\"application\/ld+json\" class=\"yoast-schema-graph\">{\"@context\":\"https:\/\/schema.org\",\"@graph\":[{\"@type\":\"WebSite\",\"@id\":\"https:\/\/www.deadseaminerals.eu\/nieuw\/#website\",\"url\":\"https:\/\/www.deadseaminerals.eu\/nieuw\/\",\"name\":\"Amour Dead Sea Minerals\",\"description\":\"\",\"potentialAction\":[{\"@type\":\"SearchAction\",\"target\":\"https:\/\/www.deadseaminerals.eu\/nieuw\/?s={search_term_string}\",\"query-input\":\"required name=search_term_string\"}],\"inLanguage\":\"nl\"},{\"@type\":\"ImageObject\",\"@id\":\"http:\/\/www.deadseaminerals.eu\/nieuw\/product\/zwarte-modder-45-anti-agingcreme-50-ml\/#primaryimage\",\"inLanguage\":\"nl\",\"url\":\"https:\/\/www.deadseaminerals.eu\/nieuw\/wp-content\/uploads\/2016\/11\/5122.jpg\",\"width\":187,\"height\":250},{\"@type\":\"WebPage\",\"@id\":\"http:\/\/www.deadseaminerals.eu\/nieuw\/product\/zwarte-modder-45-anti-agingcreme-50-ml\/#webpage\",\"url\":\"http:\/\/www.deadseaminerals.eu\/nieuw\/product\/zwarte-modder-45-anti-agingcreme-50-ml\/\",\"name\":\"Zwarte modder 35+ anti-agingcr\\u00e8me 50 ml - Amour Dead Sea Minerals\",\"isPartOf\":{\"@id\":\"https:\/\/www.deadseaminerals.eu\/nieuw\/#website\"},\"primaryImageOfPage\":{\"@id\":\"http:\/\/www.deadseaminerals.eu\/nieuw\/product\/zwarte-modder-45-anti-agingcreme-50-ml\/#primaryimage\"},\"datePublished\":\"2016-11-30T15:41:07+00:00\",\"dateModified\":\"2020-10-16T14:29:24+00:00\",\"inLanguage\":\"nl\",\"potentialAction\":[{\"@type\":\"ReadAction\",\"target\":[\"http:\/\/www.deadseaminerals.eu\/nieuw\/product\/zwarte-modder-45-anti-agingcreme-50-ml\/\"]}]}]}<\/script>\n<!-- \/ Yoast SEO plugin. -->","_links":{"self":[{"href":"https:\/\/www.deadseaminerals.eu\/nieuw\/wp-json\/wp\/v2\/product\/2939"}],"collection":[{"href":"https:\/\/www.deadseaminerals.eu\/nieuw\/wp-json\/wp\/v2\/product"}],"about":[{"href":"https:\/\/www.deadseaminerals.eu\/nieuw\/wp-json\/wp\/v2\/types\/product"}],"wp:featuredmedia":[{"embeddable":true,"href":"https:\/\/www.deadseaminerals.eu\/nieuw\/wp-json\/wp\/v2\/media\/2936"}],"wp:attachment":[{"href":"https:\/\/www.deadseaminerals.eu\/nieuw\/wp-json\/wp\/v2\/media?parent=2939"}],"curies":[{"name":"wp","href":"https:\/\/api.w.org\/{rel}","templated":true}]}}