{"id":3689,"date":"2018-02-08T15:05:29","date_gmt":"2018-02-08T15:05:29","guid":{"rendered":"http:\/\/www.deadseaminerals.eu\/nieuw\/?post_type=product&#038;p=3689"},"modified":"2020-11-10T13:48:37","modified_gmt":"2020-11-10T13:48:37","slug":"olijfolie-hydraterende-dagcreme-50-ml","status":"publish","type":"product","link":"https:\/\/www.deadseaminerals.eu\/nieuw\/product\/olijfolie-hydraterende-dagcreme-50-ml\/","title":{"rendered":"Olijfolie hydraterende dagcr\u00e8me 50 ml"},"content":{"rendered":"<p>Huidveroudering wordt veroorzaakt door een vertraagde celvernieuwing, verlies van flexibiliteit en sterkte, creatie van rimpels, uitdroging en ruwheid van de huid. waardoor de huid geleidelijk aan haar flexibiliteit en kracht verliest. Intensieve vochtinbreng kan veroudering van de huid vertragen en de effecten ervan minimaliseren. De olijfolie hydraterende cr\u00e8me heeft een unieke formule die olijfolie met nuttige dode zee mineralen, alo\u00eb vera en vitamine E combineert. Deze gezichtscr\u00e8me hydrateert optimaal en werkt langdurig. Tevens vertraagt hij het proces van vroegtijdige veroudering en beschermt de huid tegen schadelijke invloeden van buitenaf.<\/p>\n<p>Inhoud 50 ml.<\/p>\n<p>Gebruiksadvies: Breng &#8216;s morgens en &#8216;s avonds een kleine hoeveelheid aan op de gereinigde huid van gezicht en hals na het gebruik van een serum. Masseer met licht ronddraaiende bewegingen tot de cr\u00e8me is ingewerkt.<\/p>\n","protected":false},"excerpt":{"rendered":"<p>Deze gezichtscr\u00e8me hydrateert optimaal en werkt langdurig. Tevens vertraagt hij het proces van vroegtijdige veroudering en beschermt de huid tegen schadelijke invloeden van buitenaf.<\/p>\n","protected":false},"featured_media":2517,"template":"","meta":[],"yoast_head":"<!-- This site is optimized with the Yoast SEO plugin v15.2.1 - https:\/\/yoast.com\/wordpress\/plugins\/seo\/ -->\n<title>Olijfolie hydraterende dagcr\u00e8me 50 ml - Amour Dead Sea Minerals<\/title>\n<meta name=\"robots\" content=\"index, follow, max-snippet:-1, max-image-preview:large, max-video-preview:-1\" \/>\n<link rel=\"canonical\" href=\"http:\/\/www.deadseaminerals.eu\/nieuw\/product\/olijfolie-hydraterende-dagcreme-50-ml\/\" \/>\n<meta property=\"og:locale\" content=\"nl_NL\" \/>\n<meta property=\"og:type\" content=\"article\" \/>\n<meta property=\"og:title\" content=\"Olijfolie hydraterende dagcr\u00e8me 50 ml - Amour Dead Sea Minerals\" \/>\n<meta property=\"og:description\" content=\"Deze gezichtscr\u00e8me hydrateert optimaal en werkt langdurig. Tevens vertraagt hij het proces van vroegtijdige veroudering en beschermt de huid tegen schadelijke invloeden van buitenaf.\" \/>\n<meta property=\"og:url\" content=\"http:\/\/www.deadseaminerals.eu\/nieuw\/product\/olijfolie-hydraterende-dagcreme-50-ml\/\" \/>\n<meta property=\"og:site_name\" content=\"Amour Dead Sea Minerals\" \/>\n<meta property=\"article:modified_time\" content=\"2020-11-10T13:48:37+00:00\" \/>\n<meta property=\"og:image\" content=\"https:\/\/www.deadseaminerals.eu\/nieuw\/wp-content\/uploads\/2016\/11\/5040.jpg\" \/>\n\t<meta property=\"og:image:width\" content=\"354\" \/>\n\t<meta property=\"og:image:height\" content=\"295\" \/>\n<meta name=\"twitter:card\" content=\"summary\" \/>\n<meta name=\"twitter:label1\" content=\"Geschreven door\">\n\t<meta name=\"twitter:data1\" content=\"Milena Mor\">\n\t<meta name=\"twitter:label2\" content=\"Geschatte leestijd\">\n\t<meta name=\"twitter:data2\" content=\"1 minuut\">\n<script type=\"application\/ld+json\" class=\"yoast-schema-graph\">{\"@context\":\"https:\/\/schema.org\",\"@graph\":[{\"@type\":\"WebSite\",\"@id\":\"https:\/\/www.deadseaminerals.eu\/nieuw\/#website\",\"url\":\"https:\/\/www.deadseaminerals.eu\/nieuw\/\",\"name\":\"Amour Dead Sea Minerals\",\"description\":\"\",\"potentialAction\":[{\"@type\":\"SearchAction\",\"target\":\"https:\/\/www.deadseaminerals.eu\/nieuw\/?s={search_term_string}\",\"query-input\":\"required name=search_term_string\"}],\"inLanguage\":\"nl\"},{\"@type\":\"ImageObject\",\"@id\":\"http:\/\/www.deadseaminerals.eu\/nieuw\/product\/olijfolie-hydraterende-dagcreme-50-ml\/#primaryimage\",\"inLanguage\":\"nl\",\"url\":\"https:\/\/www.deadseaminerals.eu\/nieuw\/wp-content\/uploads\/2016\/11\/5040.jpg\",\"width\":354,\"height\":295},{\"@type\":\"WebPage\",\"@id\":\"http:\/\/www.deadseaminerals.eu\/nieuw\/product\/olijfolie-hydraterende-dagcreme-50-ml\/#webpage\",\"url\":\"http:\/\/www.deadseaminerals.eu\/nieuw\/product\/olijfolie-hydraterende-dagcreme-50-ml\/\",\"name\":\"Olijfolie hydraterende dagcr\\u00e8me 50 ml - Amour Dead Sea Minerals\",\"isPartOf\":{\"@id\":\"https:\/\/www.deadseaminerals.eu\/nieuw\/#website\"},\"primaryImageOfPage\":{\"@id\":\"http:\/\/www.deadseaminerals.eu\/nieuw\/product\/olijfolie-hydraterende-dagcreme-50-ml\/#primaryimage\"},\"datePublished\":\"2018-02-08T15:05:29+00:00\",\"dateModified\":\"2020-11-10T13:48:37+00:00\",\"inLanguage\":\"nl\",\"potentialAction\":[{\"@type\":\"ReadAction\",\"target\":[\"http:\/\/www.deadseaminerals.eu\/nieuw\/product\/olijfolie-hydraterende-dagcreme-50-ml\/\"]}]}]}<\/script>\n<!-- \/ Yoast SEO plugin. -->","_links":{"self":[{"href":"https:\/\/www.deadseaminerals.eu\/nieuw\/wp-json\/wp\/v2\/product\/3689"}],"collection":[{"href":"https:\/\/www.deadseaminerals.eu\/nieuw\/wp-json\/wp\/v2\/product"}],"about":[{"href":"https:\/\/www.deadseaminerals.eu\/nieuw\/wp-json\/wp\/v2\/types\/product"}],"wp:featuredmedia":[{"embeddable":true,"href":"https:\/\/www.deadseaminerals.eu\/nieuw\/wp-json\/wp\/v2\/media\/2517"}],"wp:attachment":[{"href":"https:\/\/www.deadseaminerals.eu\/nieuw\/wp-json\/wp\/v2\/media?parent=3689"}],"curies":[{"name":"wp","href":"https:\/\/api.w.org\/{rel}","templated":true}]}}