{"id":3884,"date":"2019-02-01T11:37:12","date_gmt":"2019-02-01T11:37:12","guid":{"rendered":"http:\/\/www.deadseaminerals.eu\/nieuw\/?post_type=product&#038;p=3884"},"modified":"2020-11-10T13:47:58","modified_gmt":"2020-11-10T13:47:58","slug":"luxe-en-rijke-nachtcreme-met-dode-zee-zout-mineralen-black-magic-50-ml","status":"publish","type":"product","link":"https:\/\/www.deadseaminerals.eu\/nieuw\/product\/luxe-en-rijke-nachtcreme-met-dode-zee-zout-mineralen-black-magic-50-ml\/","title":{"rendered":"Luxe en rijke nachtcreme met Dode Zee Zout mineralen Black Magic 50 ml"},"content":{"rendered":"<p>De luxe rijke nachtcr\u00e8me voorziet de huid van continue diepe voeding met essenti\u00eble vitaminen en mineralen en een langdurige gevoel van ontspanning terwijl u slaapt. Het is verrijkt met essenti\u00eble vitaminen zoals A, D, C &#038; E, eiwitten, jojba en dode zee mineralen. Deze luxe en rijke nachtcr\u00e8me biedt een diepe voeding, vermindert fijne lijntjes en rimpels en helpt om vroegtijdige veroudering te voorkomen. Hij is geschikt voor alle huidtypes.<\/p>\n<p>Inhoud 50 ml.<\/p>\n<p>Gebruiksadvies: Breng&#8217;s avonds een kleine hoeveelheid aan op de gereinigde huid van gezicht en hals na het gebruik van een serum. Masseer met licht ronddraaiende bewegingen tot de cr\u00e8me is ingewerkt.<\/p>\n","protected":false},"excerpt":{"rendered":"<p>De luxe rijke nachtcr\u00e8me voorziet de huid van continue diepe voeding met essenti\u00eble vitaminen en mineralen en een langdurige gevoel van ontspanning terwijl u slaapt. Het is verrijkt met essenti\u00eble vitaminen zoals A, D, C &amp; E, eiwitten, jojba en dode zee mineralen. Deze luxe en rijke nachtcr\u00e8me biedt een diepe voeding, vermindert fijne lijntjes en rimpels en helpt om vroegtijdige veroudering te voorkomen. Hij is geschikt voor alle huidtypes.<\/p>\n","protected":false},"featured_media":3885,"template":"","meta":[],"yoast_head":"<!-- This site is optimized with the Yoast SEO plugin v15.2.1 - https:\/\/yoast.com\/wordpress\/plugins\/seo\/ -->\n<title>Luxe en rijke nachtcreme met Dode Zee Zout mineralen Black Magic 50 ml - Amour Dead Sea Minerals<\/title>\n<meta name=\"robots\" content=\"index, follow, max-snippet:-1, max-image-preview:large, max-video-preview:-1\" \/>\n<link rel=\"canonical\" href=\"http:\/\/www.deadseaminerals.eu\/nieuw\/product\/luxe-en-rijke-nachtcreme-met-dode-zee-zout-mineralen-black-magic-50-ml\/\" \/>\n<meta property=\"og:locale\" content=\"nl_NL\" \/>\n<meta property=\"og:type\" content=\"article\" \/>\n<meta property=\"og:title\" content=\"Luxe en rijke nachtcreme met Dode Zee Zout mineralen Black Magic 50 ml - Amour Dead Sea Minerals\" \/>\n<meta property=\"og:description\" content=\"De luxe rijke nachtcr\u00e8me voorziet de huid van continue diepe voeding met essenti\u00eble vitaminen en mineralen en een langdurige gevoel van ontspanning terwijl u slaapt. Het is verrijkt met essenti\u00eble vitaminen zoals A, D, C &amp; E, eiwitten, jojba en dode zee mineralen. Deze luxe en rijke nachtcr\u00e8me biedt een diepe voeding, vermindert fijne lijntjes en rimpels en helpt om vroegtijdige veroudering te voorkomen. Hij is geschikt voor alle huidtypes.\" \/>\n<meta property=\"og:url\" content=\"http:\/\/www.deadseaminerals.eu\/nieuw\/product\/luxe-en-rijke-nachtcreme-met-dode-zee-zout-mineralen-black-magic-50-ml\/\" \/>\n<meta property=\"og:site_name\" content=\"Amour Dead Sea Minerals\" \/>\n<meta property=\"article:modified_time\" content=\"2020-11-10T13:47:58+00:00\" \/>\n<meta property=\"og:image\" content=\"https:\/\/www.deadseaminerals.eu\/nieuw\/wp-content\/uploads\/2019\/02\/Black-Magic-nacht-1.jpg\" \/>\n\t<meta property=\"og:image:width\" content=\"800\" \/>\n\t<meta property=\"og:image:height\" content=\"549\" \/>\n<meta name=\"twitter:card\" content=\"summary\" \/>\n<meta name=\"twitter:label1\" content=\"Geschreven door\">\n\t<meta name=\"twitter:data1\" content=\"Milena Mor\">\n\t<meta name=\"twitter:label2\" content=\"Geschatte leestijd\">\n\t<meta name=\"twitter:data2\" content=\"0 minuten\">\n<script type=\"application\/ld+json\" class=\"yoast-schema-graph\">{\"@context\":\"https:\/\/schema.org\",\"@graph\":[{\"@type\":\"WebSite\",\"@id\":\"https:\/\/www.deadseaminerals.eu\/nieuw\/#website\",\"url\":\"https:\/\/www.deadseaminerals.eu\/nieuw\/\",\"name\":\"Amour Dead Sea Minerals\",\"description\":\"\",\"potentialAction\":[{\"@type\":\"SearchAction\",\"target\":\"https:\/\/www.deadseaminerals.eu\/nieuw\/?s={search_term_string}\",\"query-input\":\"required name=search_term_string\"}],\"inLanguage\":\"nl\"},{\"@type\":\"ImageObject\",\"@id\":\"http:\/\/www.deadseaminerals.eu\/nieuw\/product\/luxe-en-rijke-nachtcreme-met-dode-zee-zout-mineralen-black-magic-50-ml\/#primaryimage\",\"inLanguage\":\"nl\",\"url\":\"https:\/\/www.deadseaminerals.eu\/nieuw\/wp-content\/uploads\/2019\/02\/Black-Magic-nacht-1.jpg\",\"width\":800,\"height\":549},{\"@type\":\"WebPage\",\"@id\":\"http:\/\/www.deadseaminerals.eu\/nieuw\/product\/luxe-en-rijke-nachtcreme-met-dode-zee-zout-mineralen-black-magic-50-ml\/#webpage\",\"url\":\"http:\/\/www.deadseaminerals.eu\/nieuw\/product\/luxe-en-rijke-nachtcreme-met-dode-zee-zout-mineralen-black-magic-50-ml\/\",\"name\":\"Luxe en rijke nachtcreme met Dode Zee Zout mineralen Black Magic 50 ml - Amour Dead Sea Minerals\",\"isPartOf\":{\"@id\":\"https:\/\/www.deadseaminerals.eu\/nieuw\/#website\"},\"primaryImageOfPage\":{\"@id\":\"http:\/\/www.deadseaminerals.eu\/nieuw\/product\/luxe-en-rijke-nachtcreme-met-dode-zee-zout-mineralen-black-magic-50-ml\/#primaryimage\"},\"datePublished\":\"2019-02-01T11:37:12+00:00\",\"dateModified\":\"2020-11-10T13:47:58+00:00\",\"inLanguage\":\"nl\",\"potentialAction\":[{\"@type\":\"ReadAction\",\"target\":[\"http:\/\/www.deadseaminerals.eu\/nieuw\/product\/luxe-en-rijke-nachtcreme-met-dode-zee-zout-mineralen-black-magic-50-ml\/\"]}]}]}<\/script>\n<!-- \/ Yoast SEO plugin. -->","_links":{"self":[{"href":"https:\/\/www.deadseaminerals.eu\/nieuw\/wp-json\/wp\/v2\/product\/3884"}],"collection":[{"href":"https:\/\/www.deadseaminerals.eu\/nieuw\/wp-json\/wp\/v2\/product"}],"about":[{"href":"https:\/\/www.deadseaminerals.eu\/nieuw\/wp-json\/wp\/v2\/types\/product"}],"wp:featuredmedia":[{"embeddable":true,"href":"https:\/\/www.deadseaminerals.eu\/nieuw\/wp-json\/wp\/v2\/media\/3885"}],"wp:attachment":[{"href":"https:\/\/www.deadseaminerals.eu\/nieuw\/wp-json\/wp\/v2\/media?parent=3884"}],"curies":[{"name":"wp","href":"https:\/\/api.w.org\/{rel}","templated":true}]}}