{"id":4219,"date":"2019-09-06T12:44:27","date_gmt":"2019-09-06T12:44:27","guid":{"rendered":"http:\/\/www.deadseaminerals.eu\/nieuw\/?post_type=product&#038;p=4219"},"modified":"2020-11-10T13:47:57","modified_gmt":"2020-11-10T13:47:57","slug":"voet-peeling-creme-100-ml","status":"publish","type":"product","link":"https:\/\/www.deadseaminerals.eu\/nieuw\/product\/voet-peeling-creme-100-ml\/","title":{"rendered":"Voet peeling cr\u00e8me 100 ml"},"content":{"rendered":"<p>De cr\u00e8me bevat lavendelolie en tea tree olie voor desinfectie, alo\u00eb vera extract, wortelolie\u00a0en olijfolie om verzachten en te verzorgen, avocadoolie en druivenpitjesolie, vitamine A &amp; E en dode zeemineralen om te scrubben en huidveroudering tegen te gaan.<\/p>\n<p>Deze peelingcr\u00e8me combineert drie functies: het verwijdert dode huidcellen, reinigt \u00a0en voedt de huid.<\/p>\n<p>Inhoud 100 ml.<\/p>\n<p><strong>Gebruiksadvies:<\/strong>\u00a0Masseer de schone voeten\u00a0gedurende twee minuten met de peelingcr\u00e8me. Goed afspoelen met lauwwarm water. Ook te gebruiken voor de knie\u00ebn, handen en ellebogen.\u00a0Niet tegebruiken op beschadigde huid.<\/p>\n","protected":false},"excerpt":{"rendered":"<p>Deze peelingcr\u00e8me combineert drie functies: het verwijdert dode huidcellen, reinigt \u00a0en voedt de huid.<\/p>\n<p>&nbsp;<\/p>\n","protected":false},"featured_media":2826,"template":"","meta":[],"yoast_head":"<!-- This site is optimized with the Yoast SEO plugin v15.2.1 - https:\/\/yoast.com\/wordpress\/plugins\/seo\/ -->\n<title>Voet peeling cr\u00e8me 100 ml - Amour Dead Sea Minerals<\/title>\n<meta name=\"robots\" content=\"index, follow, max-snippet:-1, max-image-preview:large, max-video-preview:-1\" \/>\n<link rel=\"canonical\" href=\"http:\/\/www.deadseaminerals.eu\/nieuw\/product\/voet-peeling-creme-100-ml\/\" \/>\n<meta property=\"og:locale\" content=\"nl_NL\" \/>\n<meta property=\"og:type\" content=\"article\" \/>\n<meta property=\"og:title\" content=\"Voet peeling cr\u00e8me 100 ml - Amour Dead Sea Minerals\" \/>\n<meta property=\"og:description\" content=\"Deze peelingcr\u00e8me combineert drie functies: het verwijdert dode huidcellen, reinigt \u00a0en voedt de huid.  &nbsp;\" \/>\n<meta property=\"og:url\" content=\"http:\/\/www.deadseaminerals.eu\/nieuw\/product\/voet-peeling-creme-100-ml\/\" \/>\n<meta property=\"og:site_name\" content=\"Amour Dead Sea Minerals\" \/>\n<meta property=\"article:modified_time\" content=\"2020-11-10T13:47:57+00:00\" \/>\n<meta property=\"og:image\" content=\"https:\/\/www.deadseaminerals.eu\/nieuw\/wp-content\/uploads\/2016\/11\/5099.jpg\" \/>\n\t<meta property=\"og:image:width\" content=\"354\" \/>\n\t<meta property=\"og:image:height\" content=\"295\" \/>\n<meta name=\"twitter:card\" content=\"summary\" \/>\n<meta name=\"twitter:label1\" content=\"Geschreven door\">\n\t<meta name=\"twitter:data1\" content=\"Milena Mor\">\n\t<meta name=\"twitter:label2\" content=\"Geschatte leestijd\">\n\t<meta name=\"twitter:data2\" content=\"0 minuten\">\n<script type=\"application\/ld+json\" class=\"yoast-schema-graph\">{\"@context\":\"https:\/\/schema.org\",\"@graph\":[{\"@type\":\"WebSite\",\"@id\":\"https:\/\/www.deadseaminerals.eu\/nieuw\/#website\",\"url\":\"https:\/\/www.deadseaminerals.eu\/nieuw\/\",\"name\":\"Amour Dead Sea Minerals\",\"description\":\"\",\"potentialAction\":[{\"@type\":\"SearchAction\",\"target\":\"https:\/\/www.deadseaminerals.eu\/nieuw\/?s={search_term_string}\",\"query-input\":\"required name=search_term_string\"}],\"inLanguage\":\"nl\"},{\"@type\":\"ImageObject\",\"@id\":\"http:\/\/www.deadseaminerals.eu\/nieuw\/product\/voet-peeling-creme-100-ml\/#primaryimage\",\"inLanguage\":\"nl\",\"url\":\"https:\/\/www.deadseaminerals.eu\/nieuw\/wp-content\/uploads\/2016\/11\/5099.jpg\",\"width\":354,\"height\":295},{\"@type\":\"WebPage\",\"@id\":\"http:\/\/www.deadseaminerals.eu\/nieuw\/product\/voet-peeling-creme-100-ml\/#webpage\",\"url\":\"http:\/\/www.deadseaminerals.eu\/nieuw\/product\/voet-peeling-creme-100-ml\/\",\"name\":\"Voet peeling cr\\u00e8me 100 ml - Amour Dead Sea Minerals\",\"isPartOf\":{\"@id\":\"https:\/\/www.deadseaminerals.eu\/nieuw\/#website\"},\"primaryImageOfPage\":{\"@id\":\"http:\/\/www.deadseaminerals.eu\/nieuw\/product\/voet-peeling-creme-100-ml\/#primaryimage\"},\"datePublished\":\"2019-09-06T12:44:27+00:00\",\"dateModified\":\"2020-11-10T13:47:57+00:00\",\"inLanguage\":\"nl\",\"potentialAction\":[{\"@type\":\"ReadAction\",\"target\":[\"http:\/\/www.deadseaminerals.eu\/nieuw\/product\/voet-peeling-creme-100-ml\/\"]}]}]}<\/script>\n<!-- \/ Yoast SEO plugin. -->","_links":{"self":[{"href":"https:\/\/www.deadseaminerals.eu\/nieuw\/wp-json\/wp\/v2\/product\/4219"}],"collection":[{"href":"https:\/\/www.deadseaminerals.eu\/nieuw\/wp-json\/wp\/v2\/product"}],"about":[{"href":"https:\/\/www.deadseaminerals.eu\/nieuw\/wp-json\/wp\/v2\/types\/product"}],"wp:featuredmedia":[{"embeddable":true,"href":"https:\/\/www.deadseaminerals.eu\/nieuw\/wp-json\/wp\/v2\/media\/2826"}],"wp:attachment":[{"href":"https:\/\/www.deadseaminerals.eu\/nieuw\/wp-json\/wp\/v2\/media?parent=4219"}],"curies":[{"name":"wp","href":"https:\/\/api.w.org\/{rel}","templated":true}]}}