{"id":4274,"date":"2019-10-08T07:36:13","date_gmt":"2019-10-08T07:36:13","guid":{"rendered":"http:\/\/www.deadseaminerals.eu\/nieuw\/?post_type=product&#038;p=4274"},"modified":"2020-11-10T13:47:57","modified_gmt":"2020-11-10T13:47:57","slug":"rijke-anti-aging-dagcreme-met-dode-zee-zout-mineralen-canabisolie-en-goudenpoeder","status":"publish","type":"product","link":"https:\/\/www.deadseaminerals.eu\/nieuw\/product\/rijke-anti-aging-dagcreme-met-dode-zee-zout-mineralen-canabisolie-en-goudenpoeder\/","title":{"rendered":"Rijke anti aging dagcreme met Dode Zee zout mineralen, canabisolie en goudenpoeder"},"content":{"rendered":"<p>Een unieke en innovatieve anti-aging formule verrijkt met canabis &#8211; hennepolie, bevat een hoge concentratie EFA, Omega 3 en 6, mineralen van Dode Zee, vitamine E, goudpoeder, antioxidanten, collageen, multi-vitamine, hyaluronzuur en plantaardige oli\u00ebn en extracten. Deze premium formule helpt rimpels en veroudering van de huid van gezicht en nek te voorkomen. De cr\u00e8me wordt gemakkelijk opgenomen en zorgt voor een intensieve huidverzorging. De cr\u00e8me herstelt vocht en elasticiteit van de huid en beschermt deze tegen veroudering en klimaatschade. De cr\u00e8me biedt een perfecte basis voor make-up.<br \/>\nAanbevolen gebruik: breng na het reinigen van de huid de cr\u00e8me aan door bewegingen in de gezichts- en nekhuid te masseren tot de volledige absorptie. Gebruik &#8216;s nachts anti-aging hennep en goudcr\u00e8me van Shemen Amour om de behandeling te voltooien.<br \/>\nGeschikt voor alle huidtypen. Voor dagelijks gebruik. inhoud: 50 ml<\/p>\n","protected":false},"excerpt":{"rendered":"<p>Een unieke en innovatieve anti-aging formule verrijkt met canabis &#8211; hennepolie, bevat een hoge concentratie EFA, Omega 3 en 6, mineralen van Dode Zee, vitamine E, goudpoeder, antioxidanten, collageen, multi-vitamine, hyaluronzuur en plantaardige oli\u00ebn en extracten. Deze premium formule helpt rimpels en veroudering van de huid van gezicht en nek te voorkomen. De cr\u00e8me wordt gemakkelijk opgenomen en zorgt voor een intensieve huidverzorging. De cr\u00e8me herstelt vocht en elasticiteit van de huid en beschermt deze tegen veroudering en klimaatschade. De cr\u00e8me biedt een perfecte basis voor make-up.<\/p>\n","protected":false},"featured_media":4275,"template":"","meta":[],"yoast_head":"<!-- This site is optimized with the Yoast SEO plugin v15.2.1 - https:\/\/yoast.com\/wordpress\/plugins\/seo\/ -->\n<title>Rijke anti aging dagcreme met Dode Zee zout mineralen, canabisolie en goudenpoeder - Amour Dead Sea Minerals<\/title>\n<meta name=\"robots\" content=\"index, follow, max-snippet:-1, max-image-preview:large, max-video-preview:-1\" \/>\n<link rel=\"canonical\" href=\"http:\/\/www.deadseaminerals.eu\/nieuw\/product\/rijke-anti-aging-dagcreme-met-dode-zee-zout-mineralen-canabisolie-en-goudenpoeder\/\" \/>\n<meta property=\"og:locale\" content=\"nl_NL\" \/>\n<meta property=\"og:type\" content=\"article\" \/>\n<meta property=\"og:title\" content=\"Rijke anti aging dagcreme met Dode Zee zout mineralen, canabisolie en goudenpoeder - Amour Dead Sea Minerals\" \/>\n<meta property=\"og:description\" content=\"Een unieke en innovatieve anti-aging formule verrijkt met canabis - hennepolie, bevat een hoge concentratie EFA, Omega 3 en 6, mineralen van Dode Zee, vitamine E, goudpoeder, antioxidanten, collageen, multi-vitamine, hyaluronzuur en plantaardige oli\u00ebn en extracten. Deze premium formule helpt rimpels en veroudering van de huid van gezicht en nek te voorkomen. De cr\u00e8me wordt gemakkelijk opgenomen en zorgt voor een intensieve huidverzorging. De cr\u00e8me herstelt vocht en elasticiteit van de huid en beschermt deze tegen veroudering en klimaatschade. De cr\u00e8me biedt een perfecte basis voor make-up.\" \/>\n<meta property=\"og:url\" content=\"http:\/\/www.deadseaminerals.eu\/nieuw\/product\/rijke-anti-aging-dagcreme-met-dode-zee-zout-mineralen-canabisolie-en-goudenpoeder\/\" \/>\n<meta property=\"og:site_name\" content=\"Amour Dead Sea Minerals\" \/>\n<meta property=\"article:modified_time\" content=\"2020-11-10T13:47:57+00:00\" \/>\n<meta property=\"og:image\" content=\"https:\/\/www.deadseaminerals.eu\/nieuw\/wp-content\/uploads\/2019\/10\/6450080-1135-dagcreme.jpg\" \/>\n\t<meta property=\"og:image:width\" content=\"700\" \/>\n\t<meta property=\"og:image:height\" content=\"546\" \/>\n<meta name=\"twitter:card\" content=\"summary\" \/>\n<meta name=\"twitter:label1\" content=\"Geschreven door\">\n\t<meta name=\"twitter:data1\" content=\"Milena Mor\">\n\t<meta name=\"twitter:label2\" content=\"Geschatte leestijd\">\n\t<meta name=\"twitter:data2\" content=\"1 minuut\">\n<script type=\"application\/ld+json\" class=\"yoast-schema-graph\">{\"@context\":\"https:\/\/schema.org\",\"@graph\":[{\"@type\":\"WebSite\",\"@id\":\"https:\/\/www.deadseaminerals.eu\/nieuw\/#website\",\"url\":\"https:\/\/www.deadseaminerals.eu\/nieuw\/\",\"name\":\"Amour Dead Sea Minerals\",\"description\":\"\",\"potentialAction\":[{\"@type\":\"SearchAction\",\"target\":\"https:\/\/www.deadseaminerals.eu\/nieuw\/?s={search_term_string}\",\"query-input\":\"required name=search_term_string\"}],\"inLanguage\":\"nl\"},{\"@type\":\"ImageObject\",\"@id\":\"http:\/\/www.deadseaminerals.eu\/nieuw\/product\/rijke-anti-aging-dagcreme-met-dode-zee-zout-mineralen-canabisolie-en-goudenpoeder\/#primaryimage\",\"inLanguage\":\"nl\",\"url\":\"https:\/\/www.deadseaminerals.eu\/nieuw\/wp-content\/uploads\/2019\/10\/6450080-1135-dagcreme.jpg\",\"width\":700,\"height\":546},{\"@type\":\"WebPage\",\"@id\":\"http:\/\/www.deadseaminerals.eu\/nieuw\/product\/rijke-anti-aging-dagcreme-met-dode-zee-zout-mineralen-canabisolie-en-goudenpoeder\/#webpage\",\"url\":\"http:\/\/www.deadseaminerals.eu\/nieuw\/product\/rijke-anti-aging-dagcreme-met-dode-zee-zout-mineralen-canabisolie-en-goudenpoeder\/\",\"name\":\"Rijke anti aging dagcreme met Dode Zee zout mineralen, canabisolie en goudenpoeder - Amour Dead Sea Minerals\",\"isPartOf\":{\"@id\":\"https:\/\/www.deadseaminerals.eu\/nieuw\/#website\"},\"primaryImageOfPage\":{\"@id\":\"http:\/\/www.deadseaminerals.eu\/nieuw\/product\/rijke-anti-aging-dagcreme-met-dode-zee-zout-mineralen-canabisolie-en-goudenpoeder\/#primaryimage\"},\"datePublished\":\"2019-10-08T07:36:13+00:00\",\"dateModified\":\"2020-11-10T13:47:57+00:00\",\"inLanguage\":\"nl\",\"potentialAction\":[{\"@type\":\"ReadAction\",\"target\":[\"http:\/\/www.deadseaminerals.eu\/nieuw\/product\/rijke-anti-aging-dagcreme-met-dode-zee-zout-mineralen-canabisolie-en-goudenpoeder\/\"]}]}]}<\/script>\n<!-- \/ Yoast SEO plugin. -->","_links":{"self":[{"href":"https:\/\/www.deadseaminerals.eu\/nieuw\/wp-json\/wp\/v2\/product\/4274"}],"collection":[{"href":"https:\/\/www.deadseaminerals.eu\/nieuw\/wp-json\/wp\/v2\/product"}],"about":[{"href":"https:\/\/www.deadseaminerals.eu\/nieuw\/wp-json\/wp\/v2\/types\/product"}],"wp:featuredmedia":[{"embeddable":true,"href":"https:\/\/www.deadseaminerals.eu\/nieuw\/wp-json\/wp\/v2\/media\/4275"}],"wp:attachment":[{"href":"https:\/\/www.deadseaminerals.eu\/nieuw\/wp-json\/wp\/v2\/media?parent=4274"}],"curies":[{"name":"wp","href":"https:\/\/api.w.org\/{rel}","templated":true}]}}