{"id":4335,"date":"2020-01-31T21:23:24","date_gmt":"2020-01-31T21:23:24","guid":{"rendered":"http:\/\/www.deadseaminerals.eu\/nieuw\/?post_type=product&#038;p=4335"},"modified":"2020-11-10T13:54:09","modified_gmt":"2020-11-10T13:54:09","slug":"black-pearl-perfecte-dagcreme-45-met-collageen-en-dode-zeezout-mineralen-50-ml","status":"publish","type":"product","link":"https:\/\/www.deadseaminerals.eu\/nieuw\/product\/black-pearl-perfecte-dagcreme-45-met-collageen-en-dode-zeezout-mineralen-50-ml\/","title":{"rendered":"Black Pearl perfecte dagcreme 45+ met collageen en Dode Zeezout mineralen 50 ml"},"content":{"rendered":"<p>Black Pearl heeft de perfecte dagcr\u00e8me voor vrouwen vanaf 45 jaar met actieve anti-verouderingsingredi\u00ebnten uit de Dode Zee en een hoge zonbeschermingsfilter. De dagcr\u00e8me is licht en snel opgenomen, waardoor uw huid zacht en zijdeachtig wordt met minder zichtbare rimpels en tekenen van veroudering.<\/p>\n<p>Black Pearl-dagcr\u00e8me bevat een uniek mengsel van de Black Pearl-poeder, zeewier en Dode Zee-mineralen, die optimale bescherming biedt tegen tekenen van veroudering, vochtverlies en de vorming van rimpels en lijnen. Het Black Pearl-poeder bestaat uit 18 essenti\u00eble aminozuren, zink, selenium, titanium en eiwitten uit de Dode Zee-mineralen. Magnesium, calcium, bromide, zink, ijzer, zwavel en strontium.<\/p>\n<p>Voordelen van Black Pearl Day Cream:<br \/>\nVerzacht rimpels en tekenen van veroudering<br \/>\nVerjong en verfris de gezichtshuid<br \/>\nBeschermt de huid tegen schade door blootstelling aan de zon (SPF-25)<br \/>\nVerbetert het uiterlijk en de textuur van de huid<br \/>\nPast als een ideale basis voor make-up.<\/p>\n","protected":false},"excerpt":{"rendered":"<p>Black Pearl heeft de perfecte dagcr\u00e8me voor vrouwen vanaf 45 jaar met actieve anti-verouderingsingredi\u00ebnten uit de Dode Zee en een hoge zonbeschermingsfilter. De dagcr\u00e8me is licht en snel opgenomen, waardoor uw huid zacht en zijdeachtig wordt met minder zichtbare rimpels en tekenen van veroudering.<\/p>\n","protected":false},"featured_media":4336,"template":"","meta":[],"yoast_head":"<!-- This site is optimized with the Yoast SEO plugin v15.2.1 - https:\/\/yoast.com\/wordpress\/plugins\/seo\/ -->\n<title>Black Pearl perfecte dagcreme 45+ met collageen en Dode Zeezout mineralen 50 ml - Amour Dead Sea Minerals<\/title>\n<meta name=\"robots\" content=\"index, follow, max-snippet:-1, max-image-preview:large, max-video-preview:-1\" \/>\n<link rel=\"canonical\" href=\"http:\/\/www.deadseaminerals.eu\/nieuw\/product\/black-pearl-perfecte-dagcreme-45-met-collageen-en-dode-zeezout-mineralen-50-ml\/\" \/>\n<meta property=\"og:locale\" content=\"nl_NL\" \/>\n<meta property=\"og:type\" content=\"article\" \/>\n<meta property=\"og:title\" content=\"Black Pearl perfecte dagcreme 45+ met collageen en Dode Zeezout mineralen 50 ml - Amour Dead Sea Minerals\" \/>\n<meta property=\"og:description\" content=\"Black Pearl heeft de perfecte dagcr\u00e8me voor vrouwen vanaf 45 jaar met actieve anti-verouderingsingredi\u00ebnten uit de Dode Zee en een hoge zonbeschermingsfilter. De dagcr\u00e8me is licht en snel opgenomen, waardoor uw huid zacht en zijdeachtig wordt met minder zichtbare rimpels en tekenen van veroudering.\" \/>\n<meta property=\"og:url\" content=\"http:\/\/www.deadseaminerals.eu\/nieuw\/product\/black-pearl-perfecte-dagcreme-45-met-collageen-en-dode-zeezout-mineralen-50-ml\/\" \/>\n<meta property=\"og:site_name\" content=\"Amour Dead Sea Minerals\" \/>\n<meta property=\"article:modified_time\" content=\"2020-11-10T13:54:09+00:00\" \/>\n<meta property=\"og:image\" content=\"https:\/\/www.deadseaminerals.eu\/nieuw\/wp-content\/uploads\/2020\/01\/Black_Pearl_Perfect_Day_Cream_45_SPF_25_grande.jpg\" \/>\n\t<meta property=\"og:image:width\" content=\"320\" \/>\n\t<meta property=\"og:image:height\" content=\"480\" \/>\n<meta name=\"twitter:card\" content=\"summary\" \/>\n<meta name=\"twitter:label1\" content=\"Geschreven door\">\n\t<meta name=\"twitter:data1\" content=\"Milena Mor\">\n\t<meta name=\"twitter:label2\" content=\"Geschatte leestijd\">\n\t<meta name=\"twitter:data2\" content=\"1 minuut\">\n<script type=\"application\/ld+json\" class=\"yoast-schema-graph\">{\"@context\":\"https:\/\/schema.org\",\"@graph\":[{\"@type\":\"WebSite\",\"@id\":\"https:\/\/www.deadseaminerals.eu\/nieuw\/#website\",\"url\":\"https:\/\/www.deadseaminerals.eu\/nieuw\/\",\"name\":\"Amour Dead Sea Minerals\",\"description\":\"\",\"potentialAction\":[{\"@type\":\"SearchAction\",\"target\":\"https:\/\/www.deadseaminerals.eu\/nieuw\/?s={search_term_string}\",\"query-input\":\"required name=search_term_string\"}],\"inLanguage\":\"nl\"},{\"@type\":\"ImageObject\",\"@id\":\"http:\/\/www.deadseaminerals.eu\/nieuw\/product\/black-pearl-perfecte-dagcreme-45-met-collageen-en-dode-zeezout-mineralen-50-ml\/#primaryimage\",\"inLanguage\":\"nl\",\"url\":\"https:\/\/www.deadseaminerals.eu\/nieuw\/wp-content\/uploads\/2020\/01\/Black_Pearl_Perfect_Day_Cream_45_SPF_25_grande.jpg\",\"width\":320,\"height\":480},{\"@type\":\"WebPage\",\"@id\":\"http:\/\/www.deadseaminerals.eu\/nieuw\/product\/black-pearl-perfecte-dagcreme-45-met-collageen-en-dode-zeezout-mineralen-50-ml\/#webpage\",\"url\":\"http:\/\/www.deadseaminerals.eu\/nieuw\/product\/black-pearl-perfecte-dagcreme-45-met-collageen-en-dode-zeezout-mineralen-50-ml\/\",\"name\":\"Black Pearl perfecte dagcreme 45+ met collageen en Dode Zeezout mineralen 50 ml - Amour Dead Sea Minerals\",\"isPartOf\":{\"@id\":\"https:\/\/www.deadseaminerals.eu\/nieuw\/#website\"},\"primaryImageOfPage\":{\"@id\":\"http:\/\/www.deadseaminerals.eu\/nieuw\/product\/black-pearl-perfecte-dagcreme-45-met-collageen-en-dode-zeezout-mineralen-50-ml\/#primaryimage\"},\"datePublished\":\"2020-01-31T21:23:24+00:00\",\"dateModified\":\"2020-11-10T13:54:09+00:00\",\"inLanguage\":\"nl\",\"potentialAction\":[{\"@type\":\"ReadAction\",\"target\":[\"http:\/\/www.deadseaminerals.eu\/nieuw\/product\/black-pearl-perfecte-dagcreme-45-met-collageen-en-dode-zeezout-mineralen-50-ml\/\"]}]}]}<\/script>\n<!-- \/ Yoast SEO plugin. -->","_links":{"self":[{"href":"https:\/\/www.deadseaminerals.eu\/nieuw\/wp-json\/wp\/v2\/product\/4335"}],"collection":[{"href":"https:\/\/www.deadseaminerals.eu\/nieuw\/wp-json\/wp\/v2\/product"}],"about":[{"href":"https:\/\/www.deadseaminerals.eu\/nieuw\/wp-json\/wp\/v2\/types\/product"}],"wp:featuredmedia":[{"embeddable":true,"href":"https:\/\/www.deadseaminerals.eu\/nieuw\/wp-json\/wp\/v2\/media\/4336"}],"wp:attachment":[{"href":"https:\/\/www.deadseaminerals.eu\/nieuw\/wp-json\/wp\/v2\/media?parent=4335"}],"curies":[{"name":"wp","href":"https:\/\/api.w.org\/{rel}","templated":true}]}}