{"id":4496,"date":"2020-10-27T13:38:40","date_gmt":"2020-10-27T13:38:40","guid":{"rendered":"http:\/\/www.deadseaminerals.eu\/nieuw\/?post_type=product&#038;p=4496"},"modified":"2020-11-10T13:47:36","modified_gmt":"2020-11-10T13:47:36","slug":"shemen-amour-calendula-voet-creme-met-dode-zeezout-mineralen-100-ml","status":"publish","type":"product","link":"https:\/\/www.deadseaminerals.eu\/nieuw\/product\/shemen-amour-calendula-voet-creme-met-dode-zeezout-mineralen-100-ml\/","title":{"rendered":"Shemen Amour Calendula voet creme met Dode Zeezout mineralen 100 ml"},"content":{"rendered":"<p>Geconcentreerde voetcr\u00e8me op basis van Dode Zee Mineralen, verrijkt met natuurlijke oli\u00ebn: sesamolie, zonnebloemolie &#038; alo\u00eb vera. Bevat vitamine E en vitamine B5.<\/p>\n<p>De creme hydrateert en voedt de huid, voorkomt scheurtjes en uitdroging, maakt je voet glad en zacht.<\/p>\n<p>Gebruik:<br \/>\nSchone voet inmasseren tot de creme is opgenomen. De cr\u00e8me wordt aanbevolen voor dagelijks gebruik. Geschikt voor alle huidtypes.<\/p>\n","protected":false},"excerpt":{"rendered":"<p>Geconcentreerde voetcr\u00e8me op basis van Dode Zee Mineralen, verrijkt met natuurlijke oli\u00ebn: sesamolie, zonnebloemolie &#038; alo\u00eb vera. Bevat vitamine E en vitamine B5.<br \/>\nDe creme hydrateert en voedt de huid, voorkomt scheurtjes en uitdroging, maakt je voet glad en zacht.<\/p>\n","protected":false},"featured_media":4500,"template":"","meta":[],"yoast_head":"<!-- This site is optimized with the Yoast SEO plugin v15.2.1 - https:\/\/yoast.com\/wordpress\/plugins\/seo\/ -->\n<title>Shemen Amour Calendula voet creme met Dode Zeezout mineralen 100 ml - Amour Dead Sea Minerals<\/title>\n<meta name=\"robots\" content=\"index, follow, max-snippet:-1, max-image-preview:large, max-video-preview:-1\" \/>\n<link rel=\"canonical\" href=\"http:\/\/www.deadseaminerals.eu\/nieuw\/product\/shemen-amour-calendula-voet-creme-met-dode-zeezout-mineralen-100-ml\/\" \/>\n<meta property=\"og:locale\" content=\"nl_NL\" \/>\n<meta property=\"og:type\" content=\"article\" \/>\n<meta property=\"og:title\" content=\"Shemen Amour Calendula voet creme met Dode Zeezout mineralen 100 ml - Amour Dead Sea Minerals\" \/>\n<meta property=\"og:description\" content=\"Geconcentreerde voetcr\u00e8me op basis van Dode Zee Mineralen, verrijkt met natuurlijke oli\u00ebn: sesamolie, zonnebloemolie &amp; alo\u00eb vera. Bevat vitamine E en vitamine B5. De creme hydrateert en voedt de huid, voorkomt scheurtjes en uitdroging, maakt je voet glad en zacht.\" \/>\n<meta property=\"og:url\" content=\"http:\/\/www.deadseaminerals.eu\/nieuw\/product\/shemen-amour-calendula-voet-creme-met-dode-zeezout-mineralen-100-ml\/\" \/>\n<meta property=\"og:site_name\" content=\"Amour Dead Sea Minerals\" \/>\n<meta property=\"article:modified_time\" content=\"2020-11-10T13:47:36+00:00\" \/>\n<meta property=\"og:image\" content=\"https:\/\/www.deadseaminerals.eu\/nieuw\/wp-content\/uploads\/2020\/10\/Calendula-Foot-creamMMMM.jpeg\" \/>\n\t<meta property=\"og:image:width\" content=\"1125\" \/>\n\t<meta property=\"og:image:height\" content=\"1125\" \/>\n<meta name=\"twitter:card\" content=\"summary\" \/>\n<meta name=\"twitter:label1\" content=\"Geschreven door\">\n\t<meta name=\"twitter:data1\" content=\"Milena Mor\">\n\t<meta name=\"twitter:label2\" content=\"Geschatte leestijd\">\n\t<meta name=\"twitter:data2\" content=\"0 minuten\">\n<script type=\"application\/ld+json\" class=\"yoast-schema-graph\">{\"@context\":\"https:\/\/schema.org\",\"@graph\":[{\"@type\":\"WebSite\",\"@id\":\"https:\/\/www.deadseaminerals.eu\/nieuw\/#website\",\"url\":\"https:\/\/www.deadseaminerals.eu\/nieuw\/\",\"name\":\"Amour Dead Sea Minerals\",\"description\":\"\",\"potentialAction\":[{\"@type\":\"SearchAction\",\"target\":\"https:\/\/www.deadseaminerals.eu\/nieuw\/?s={search_term_string}\",\"query-input\":\"required name=search_term_string\"}],\"inLanguage\":\"nl\"},{\"@type\":\"ImageObject\",\"@id\":\"http:\/\/www.deadseaminerals.eu\/nieuw\/product\/shemen-amour-calendula-voet-creme-met-dode-zeezout-mineralen-100-ml\/#primaryimage\",\"inLanguage\":\"nl\",\"url\":\"https:\/\/www.deadseaminerals.eu\/nieuw\/wp-content\/uploads\/2020\/10\/Calendula-Foot-creamMMMM.jpeg\",\"width\":1125,\"height\":1125},{\"@type\":\"WebPage\",\"@id\":\"http:\/\/www.deadseaminerals.eu\/nieuw\/product\/shemen-amour-calendula-voet-creme-met-dode-zeezout-mineralen-100-ml\/#webpage\",\"url\":\"http:\/\/www.deadseaminerals.eu\/nieuw\/product\/shemen-amour-calendula-voet-creme-met-dode-zeezout-mineralen-100-ml\/\",\"name\":\"Shemen Amour Calendula voet creme met Dode Zeezout mineralen 100 ml - Amour Dead Sea Minerals\",\"isPartOf\":{\"@id\":\"https:\/\/www.deadseaminerals.eu\/nieuw\/#website\"},\"primaryImageOfPage\":{\"@id\":\"http:\/\/www.deadseaminerals.eu\/nieuw\/product\/shemen-amour-calendula-voet-creme-met-dode-zeezout-mineralen-100-ml\/#primaryimage\"},\"datePublished\":\"2020-10-27T13:38:40+00:00\",\"dateModified\":\"2020-11-10T13:47:36+00:00\",\"inLanguage\":\"nl\",\"potentialAction\":[{\"@type\":\"ReadAction\",\"target\":[\"http:\/\/www.deadseaminerals.eu\/nieuw\/product\/shemen-amour-calendula-voet-creme-met-dode-zeezout-mineralen-100-ml\/\"]}]}]}<\/script>\n<!-- \/ Yoast SEO plugin. -->","_links":{"self":[{"href":"https:\/\/www.deadseaminerals.eu\/nieuw\/wp-json\/wp\/v2\/product\/4496"}],"collection":[{"href":"https:\/\/www.deadseaminerals.eu\/nieuw\/wp-json\/wp\/v2\/product"}],"about":[{"href":"https:\/\/www.deadseaminerals.eu\/nieuw\/wp-json\/wp\/v2\/types\/product"}],"wp:featuredmedia":[{"embeddable":true,"href":"https:\/\/www.deadseaminerals.eu\/nieuw\/wp-json\/wp\/v2\/media\/4500"}],"wp:attachment":[{"href":"https:\/\/www.deadseaminerals.eu\/nieuw\/wp-json\/wp\/v2\/media?parent=4496"}],"curies":[{"name":"wp","href":"https:\/\/api.w.org\/{rel}","templated":true}]}}